{"id":389,"date":"2024-06-07T07:39:40","date_gmt":"2024-06-07T07:39:40","guid":{"rendered":"https:\/\/habitatucuerpo.com\/aviso-legal\/"},"modified":"2024-06-07T13:41:36","modified_gmt":"2024-06-07T13:41:36","slug":"aviso-legal","status":"publish","type":"page","link":"https:\/\/habitatucuerpo.com\/en\/aviso-legal\/","title":{"rendered":"Aviso legal"},"content":{"rendered":"<p>[et_pb_section fb_built=&#8221;1&#8243; _builder_version=&#8221;4.25.1&#8243; _module_preset=&#8221;default&#8221; global_colors_info=&#8221;{}&#8221;][et_pb_row _builder_version=&#8221;4.25.1&#8243; _module_preset=&#8221;default&#8221; global_colors_info=&#8221;{}&#8221;][et_pb_column type=&#8221;4_4&#8243; _builder_version=&#8221;4.25.1&#8243; _module_preset=&#8221;default&#8221; global_colors_info=&#8221;{}&#8221;][et_pb_text _builder_version=&#8221;4.25.1&#8243; _module_preset=&#8221;default&#8221; hover_enabled=&#8221;0&#8243; global_colors_info=&#8221;{}&#8221; sticky_enabled=&#8221;0&#8243;]<\/p>\n<p>Por la presente, Habita tu cuerpo desea informarte sobre ciertos aspectos importantes que debes tener en cuenta al utilizar nuestra p\u00e1gina web y los servicios asociados. Al acceder y utilizar nuestra p\u00e1gina web, aceptas este Descargo de Responsabilidad en su totalidad. Si no est\u00e1s de acuerdo con los t\u00e9rminos de este descargo, por favor no utilices nuestra p\u00e1gina web.<\/p>\n<p>&nbsp;<\/p>\n<p>1. Informaci\u00f3n General<\/p>\n<p>La informaci\u00f3n proporcionada en nuestra p\u00e1gina web tiene fines \u00fanicamente informativos. Hacemos todo lo posible para garantizar la precisi\u00f3n y actualidad de la informaci\u00f3n presentada. Sin embargo, no ofrecemos garant\u00edas de ning\u00fan tipo, expresas o impl\u00edcitas, sobre la exactitud, confiabilidad o integridad de la informaci\u00f3n contenida en nuestra p\u00e1gina web.<\/p>\n<p>&nbsp;<\/p>\n<p>2. Uso bajo tu Responsabilidad<\/p>\n<p>El uso de nuestra p\u00e1gina web y la confianza en la informaci\u00f3n presentada son bajo tu propio riesgo. No nos hacemos responsables de ninguna p\u00e9rdida, da\u00f1o o perjuicio que pueda surgir directa o indirectamente del uso de nuestra p\u00e1gina web o la informaci\u00f3n proporcionada en ella.<\/p>\n<p>&nbsp;<\/p>\n<p>3. Ausencia de Asesoramiento Profesional<\/p>\n<p>Nuestra p\u00e1gina web no proporciona asesoramiento profesional de ning\u00fan tipo, incluidos, entre otros, asesoramiento legal, m\u00e9dico, financiero o de inversi\u00f3n. Si requieres asesoramiento profesional, te recomendamos que consultes a un profesional calificado en el campo correspondiente.<\/p>\n<p>&nbsp;<\/p>\n<p>4. Enlaces a Terceros<\/p>\n<p>Nuestra p\u00e1gina web puede contener enlaces a sitios web de terceros. Estos enlaces son proporcionados solo para tu conveniencia y no implican nuestro respaldo a dichos sitios web de terceros. No nos hacemos responsables de la precisi\u00f3n, seguridad o contenido de estos sitios web externos.<\/p>\n<p>&nbsp;<\/p>\n<p>5. Cambios y Actualizaciones<\/p>\n<p>Nos reservamos el derecho de realizar cambios y actualizaciones en nuestra p\u00e1gina web, incluido este Descargo de Responsabilidad, en cualquier momento y sin previo aviso. Te recomendamos que revises peri\u00f3dicamente esta p\u00e1gina para estar al tanto de las modificaciones.<\/p>\n<p>&nbsp;<\/p>\n<p>6. Limitaci\u00f3n de Responsabilidad<\/p>\n<p>En la medida m\u00e1xima permitida por la ley aplicable, no seremos responsables de ning\u00fan da\u00f1o directo, indirecto, incidental, consecuencial o punitivo que surja del uso de nuestra p\u00e1gina web o la informaci\u00f3n presentada en ella.<\/p>\n<p>&nbsp;<\/p>\n<p>7. Ley Aplicable y Jurisdicci\u00f3n<\/p>\n<p>Este Descargo de Responsabilidad se regir\u00e1 e interpretar\u00e1 de acuerdo con las leyes del [Pa\u00eds o Estado]. Cualquier disputa relacionada con este Descargo estar\u00e1 sujeta a la jurisdicci\u00f3n exclusiva de los tribunales del [Pa\u00eds o Estado].<\/p>\n<p>&nbsp;<\/p>\n<p>Gracias por leer y aceptar nuestro Descargo de Responsabilidad. Si tienes alguna pregunta o inquietud, no dudes en contactarnos a trav\u00e9s de habitatucuerpo.info@gmail.com<\/p>\n<p>[\/et_pb_text][\/et_pb_column][\/et_pb_row][\/et_pb_section]<\/p>\n","protected":false},"excerpt":{"rendered":"<p>Por la presente, Habita tu cuerpo desea informarte sobre ciertos aspectos importantes que debes tener en cuenta al utilizar nuestra p\u00e1gina web y los servicios asociados. Al acceder y utilizar nuestra p\u00e1gina web, aceptas este Descargo de Responsabilidad en su totalidad. Si no est\u00e1s de acuerdo con los t\u00e9rminos de este descargo, por favor no [&hellip;]<\/p>\n","protected":false},"author":2,"featured_media":0,"parent":0,"menu_order":0,"comment_status":"closed","ping_status":"closed","template":"","meta":{"_et_pb_use_builder":"on","_et_pb_old_content":"","_et_gb_content_width":"","_monsterinsights_skip_tracking":false,"_monsterinsights_sitenote_active":false,"_monsterinsights_sitenote_note":"","_monsterinsights_sitenote_category":0,"footnotes":""},"class_list":["post-389","page","type-page","status-publish","hentry"],"yoast_head":"<!-- This site is optimized with the Yoast SEO plugin v27.5 - https:\/\/yoast.com\/product\/yoast-seo-wordpress\/ -->\n<title>Aviso legal - HABITA TU CUERPO<\/title>\n<meta name=\"robots\" content=\"index, follow, max-snippet:-1, max-image-preview:large, max-video-preview:-1\" \/>\n<link rel=\"canonical\" href=\"https:\/\/habitatucuerpo.com\/en\/aviso-legal\/\" \/>\n<meta property=\"og:locale\" content=\"en_US\" \/>\n<meta property=\"og:type\" content=\"article\" \/>\n<meta property=\"og:title\" content=\"Aviso legal - HABITA TU CUERPO\" \/>\n<meta property=\"og:description\" content=\"Por la presente, Habita tu cuerpo desea informarte sobre ciertos aspectos importantes que debes tener en cuenta al utilizar nuestra p\u00e1gina web y los servicios asociados. Al acceder y utilizar nuestra p\u00e1gina web, aceptas este Descargo de Responsabilidad en su totalidad. Si no est\u00e1s de acuerdo con los t\u00e9rminos de este descargo, por favor no [&hellip;]\" \/>\n<meta property=\"og:url\" content=\"https:\/\/habitatucuerpo.com\/en\/aviso-legal\/\" \/>\n<meta property=\"og:site_name\" content=\"HABITA TU CUERPO\" \/>\n<meta property=\"article:modified_time\" content=\"2024-06-07T13:41:36+00:00\" \/>\n<meta name=\"twitter:card\" content=\"summary_large_image\" \/>\n<meta name=\"twitter:label1\" content=\"Est. reading time\" \/>\n\t<meta name=\"twitter:data1\" content=\"3 minutes\" \/>\n<script type=\"application\/ld+json\" class=\"yoast-schema-graph\">{\"@context\":\"https:\\\/\\\/schema.org\",\"@graph\":[{\"@type\":\"WebPage\",\"@id\":\"https:\\\/\\\/habitatucuerpo.com\\\/en\\\/aviso-legal\\\/\",\"url\":\"https:\\\/\\\/habitatucuerpo.com\\\/en\\\/aviso-legal\\\/\",\"name\":\"Aviso legal - HABITA TU CUERPO\",\"isPartOf\":{\"@id\":\"https:\\\/\\\/habitatucuerpo.com\\\/en\\\/#website\"},\"datePublished\":\"2024-06-07T07:39:40+00:00\",\"dateModified\":\"2024-06-07T13:41:36+00:00\",\"breadcrumb\":{\"@id\":\"https:\\\/\\\/habitatucuerpo.com\\\/en\\\/aviso-legal\\\/#breadcrumb\"},\"inLanguage\":\"en-US\",\"potentialAction\":[{\"@type\":\"ReadAction\",\"target\":[\"https:\\\/\\\/habitatucuerpo.com\\\/en\\\/aviso-legal\\\/\"]}]},{\"@type\":\"BreadcrumbList\",\"@id\":\"https:\\\/\\\/habitatucuerpo.com\\\/en\\\/aviso-legal\\\/#breadcrumb\",\"itemListElement\":[{\"@type\":\"ListItem\",\"position\":1,\"name\":\"Portada\",\"item\":\"https:\\\/\\\/habitatucuerpo.com\\\/en\\\/\"},{\"@type\":\"ListItem\",\"position\":2,\"name\":\"Aviso legal\"}]},{\"@type\":\"WebSite\",\"@id\":\"https:\\\/\\\/habitatucuerpo.com\\\/en\\\/#website\",\"url\":\"https:\\\/\\\/habitatucuerpo.com\\\/en\\\/\",\"name\":\"HABITA TU CUERPO\",\"description\":\"Un espacio de sanaci&oacute;n y conexi&oacute;n interior\",\"potentialAction\":[{\"@type\":\"SearchAction\",\"target\":{\"@type\":\"EntryPoint\",\"urlTemplate\":\"https:\\\/\\\/habitatucuerpo.com\\\/en\\\/?s={search_term_string}\"},\"query-input\":{\"@type\":\"PropertyValueSpecification\",\"valueRequired\":true,\"valueName\":\"search_term_string\"}}],\"inLanguage\":\"en-US\"}]}<\/script>\n<!-- \/ Yoast SEO plugin. -->","yoast_head_json":{"title":"Aviso legal - HABITA TU CUERPO","robots":{"index":"index","follow":"follow","max-snippet":"max-snippet:-1","max-image-preview":"max-image-preview:large","max-video-preview":"max-video-preview:-1"},"canonical":"https:\/\/habitatucuerpo.com\/en\/aviso-legal\/","og_locale":"en_US","og_type":"article","og_title":"Aviso legal - HABITA TU CUERPO","og_description":"Por la presente, Habita tu cuerpo desea informarte sobre ciertos aspectos importantes que debes tener en cuenta al utilizar nuestra p\u00e1gina web y los servicios asociados. Al acceder y utilizar nuestra p\u00e1gina web, aceptas este Descargo de Responsabilidad en su totalidad. Si no est\u00e1s de acuerdo con los t\u00e9rminos de este descargo, por favor no [&hellip;]","og_url":"https:\/\/habitatucuerpo.com\/en\/aviso-legal\/","og_site_name":"HABITA TU CUERPO","article_modified_time":"2024-06-07T13:41:36+00:00","twitter_card":"summary_large_image","twitter_misc":{"Est. reading time":"3 minutes"},"schema":{"@context":"https:\/\/schema.org","@graph":[{"@type":"WebPage","@id":"https:\/\/habitatucuerpo.com\/en\/aviso-legal\/","url":"https:\/\/habitatucuerpo.com\/en\/aviso-legal\/","name":"Aviso legal - HABITA TU CUERPO","isPartOf":{"@id":"https:\/\/habitatucuerpo.com\/en\/#website"},"datePublished":"2024-06-07T07:39:40+00:00","dateModified":"2024-06-07T13:41:36+00:00","breadcrumb":{"@id":"https:\/\/habitatucuerpo.com\/en\/aviso-legal\/#breadcrumb"},"inLanguage":"en-US","potentialAction":[{"@type":"ReadAction","target":["https:\/\/habitatucuerpo.com\/en\/aviso-legal\/"]}]},{"@type":"BreadcrumbList","@id":"https:\/\/habitatucuerpo.com\/en\/aviso-legal\/#breadcrumb","itemListElement":[{"@type":"ListItem","position":1,"name":"Portada","item":"https:\/\/habitatucuerpo.com\/en\/"},{"@type":"ListItem","position":2,"name":"Aviso legal"}]},{"@type":"WebSite","@id":"https:\/\/habitatucuerpo.com\/en\/#website","url":"https:\/\/habitatucuerpo.com\/en\/","name":"HABITA TU CUERPO","description":"Un espacio de sanaci&oacute;n y conexi&oacute;n interior","potentialAction":[{"@type":"SearchAction","target":{"@type":"EntryPoint","urlTemplate":"https:\/\/habitatucuerpo.com\/en\/?s={search_term_string}"},"query-input":{"@type":"PropertyValueSpecification","valueRequired":true,"valueName":"search_term_string"}}],"inLanguage":"en-US"}]}},"_links":{"self":[{"href":"https:\/\/habitatucuerpo.com\/en\/wp-json\/wp\/v2\/pages\/389","targetHints":{"allow":["GET"]}}],"collection":[{"href":"https:\/\/habitatucuerpo.com\/en\/wp-json\/wp\/v2\/pages"}],"about":[{"href":"https:\/\/habitatucuerpo.com\/en\/wp-json\/wp\/v2\/types\/page"}],"author":[{"embeddable":true,"href":"https:\/\/habitatucuerpo.com\/en\/wp-json\/wp\/v2\/users\/2"}],"replies":[{"embeddable":true,"href":"https:\/\/habitatucuerpo.com\/en\/wp-json\/wp\/v2\/comments?post=389"}],"version-history":[{"count":3,"href":"https:\/\/habitatucuerpo.com\/en\/wp-json\/wp\/v2\/pages\/389\/revisions"}],"predecessor-version":[{"id":461,"href":"https:\/\/habitatucuerpo.com\/en\/wp-json\/wp\/v2\/pages\/389\/revisions\/461"}],"wp:attachment":[{"href":"https:\/\/habitatucuerpo.com\/en\/wp-json\/wp\/v2\/media?parent=389"}],"curies":[{"name":"wp","href":"https:\/\/api.w.org\/{rel}","templated":true}]}}